{"id":145,"date":"2026-01-02T16:44:52","date_gmt":"2026-01-02T15:44:52","guid":{"rendered":"https:\/\/alexandre-caux.fr\/?page_id=145"},"modified":"2026-01-05T10:46:08","modified_gmt":"2026-01-05T09:46:08","slug":"mentions-legales","status":"publish","type":"page","link":"https:\/\/alexandre-caux.fr\/index.php\/mentions-legales\/","title":{"rendered":"Mentions l\u00e9gales"},"content":{"rendered":"\n<p><b>Nom :<\/b> Alexandre CAUX<br \/><b>Adresse :<\/b> 93 Avenue Franklin Roosevelt, LE CYGNE 2, 83000 TOULON<br \/><b>T\u00e9l\u00e9phone du site :<\/b> +33 7 60 44 63 74<br \/><strong>Adresse mail :\u00a0<\/strong>contact@alexandre-caux.fr<br \/><b>Siret :<\/b> 828 528 174 00042<\/p>\n<p><b>Nom de l&rsquo;h\u00e9bergeur :<\/b> OVH (<a href=\"https:\/\/www.ovh.com\/\" target=\"_blank\" rel=\"noopener noreferrer\">www.ovh.com<\/a>) <br \/><b>D\u00e9nomination sociale de l&rsquo;h\u00e9bergeur :<\/b> OVH <br \/><b>Adresse de l&rsquo;hebergeur :<\/b> 2 rue Kellermann &#8211; 59100 Roubaix &#8211; France<\/p>\n<p><b>Conception du site : <\/b>Alexandre CAUX<br \/><strong>Directeur de publication :\u00a0<\/strong>Alexandre CAUX<\/p>\n","protected":false},"excerpt":{"rendered":"<p>Nom : Alexandre CAUXAdresse : 93 Avenue Franklin Roosevelt, LE CYGNE 2, 83000 TOULONT\u00e9l\u00e9phone du site : +33 7 60 44 63 74Adresse mail :\u00a0contact@alexandre-caux.frSiret : 828 528 174 00042 Nom de l&rsquo;h\u00e9bergeur : OVH (www.ovh.com) D\u00e9nomination sociale de l&rsquo;h\u00e9bergeur : OVH Adresse de l&rsquo;hebergeur : 2 rue Kellermann &#8211; 59100 Roubaix &#8211; France Conception [&hellip;]<\/p>\n","protected":false},"author":1,"featured_media":0,"parent":0,"menu_order":0,"comment_status":"closed","ping_status":"closed","template":"","meta":{"footnotes":""},"class_list":["post-145","page","type-page","status-publish","hentry"],"yoast_head":"<!-- This site is optimized with the Yoast SEO plugin v26.6 - https:\/\/yoast.com\/wordpress\/plugins\/seo\/ -->\n<title>Mentions l\u00e9gales - Alexandre CAUX - Attach\u00e9 Juridique Ind\u00e9pendant<\/title>\n<meta name=\"description\" content=\"D\u00e9couvrez les mentions l\u00e9gales d&#039;Alexandre Caux, y compris les informations de contact et les d\u00e9tails de l&#039;h\u00e9bergeur.\" \/>\n<meta name=\"robots\" content=\"index, follow, max-snippet:-1, max-image-preview:large, max-video-preview:-1\" \/>\n<link rel=\"canonical\" href=\"https:\/\/alexandre-caux.fr\/index.php\/mentions-legales\/\" \/>\n<meta property=\"og:locale\" content=\"fr_FR\" \/>\n<meta property=\"og:type\" content=\"article\" \/>\n<meta property=\"og:title\" content=\"Mentions l\u00e9gales - Alexandre CAUX - Attach\u00e9 Juridique Ind\u00e9pendant\" \/>\n<meta property=\"og:description\" content=\"D\u00e9couvrez les mentions l\u00e9gales d&#039;Alexandre Caux, y compris les informations de contact et les d\u00e9tails de l&#039;h\u00e9bergeur.\" \/>\n<meta property=\"og:url\" content=\"https:\/\/alexandre-caux.fr\/index.php\/mentions-legales\/\" \/>\n<meta property=\"og:site_name\" content=\"Alexandre CAUX - Attach\u00e9 Juridique Ind\u00e9pendant\" \/>\n<meta property=\"article:modified_time\" content=\"2026-01-05T09:46:08+00:00\" \/>\n<meta name=\"twitter:card\" content=\"summary_large_image\" \/>\n<meta name=\"twitter:label1\" content=\"Dur\u00e9e de lecture estim\u00e9e\" \/>\n\t<meta name=\"twitter:data1\" content=\"1 minute\" \/>\n<script type=\"application\/ld+json\" class=\"yoast-schema-graph\">{\"@context\":\"https:\/\/schema.org\",\"@graph\":[{\"@type\":\"WebPage\",\"@id\":\"https:\/\/alexandre-caux.fr\/index.php\/mentions-legales\/\",\"url\":\"https:\/\/alexandre-caux.fr\/index.php\/mentions-legales\/\",\"name\":\"Mentions l\u00e9gales - Alexandre CAUX - Attach\u00e9 Juridique Ind\u00e9pendant\",\"isPartOf\":{\"@id\":\"https:\/\/alexandre-caux.fr\/#website\"},\"datePublished\":\"2026-01-02T15:44:52+00:00\",\"dateModified\":\"2026-01-05T09:46:08+00:00\",\"description\":\"D\u00e9couvrez les mentions l\u00e9gales d'Alexandre Caux, y compris les informations de contact et les d\u00e9tails de l'h\u00e9bergeur.\",\"breadcrumb\":{\"@id\":\"https:\/\/alexandre-caux.fr\/index.php\/mentions-legales\/#breadcrumb\"},\"inLanguage\":\"fr-FR\",\"potentialAction\":[{\"@type\":\"ReadAction\",\"target\":[\"https:\/\/alexandre-caux.fr\/index.php\/mentions-legales\/\"]}]},{\"@type\":\"BreadcrumbList\",\"@id\":\"https:\/\/alexandre-caux.fr\/index.php\/mentions-legales\/#breadcrumb\",\"itemListElement\":[{\"@type\":\"ListItem\",\"position\":1,\"name\":\"Accueil\",\"item\":\"https:\/\/alexandre-caux.fr\/\"},{\"@type\":\"ListItem\",\"position\":2,\"name\":\"Mentions l\u00e9gales\"}]},{\"@type\":\"WebSite\",\"@id\":\"https:\/\/alexandre-caux.fr\/#website\",\"url\":\"https:\/\/alexandre-caux.fr\/\",\"name\":\"Alexandre CAUX - Attach\u00e9 Juridique Ind\u00e9pendant\",\"description\":\"Je mets mon exp\u00e9rience au profit des Cabinets d&#039;Avocats.\",\"publisher\":{\"@id\":\"https:\/\/alexandre-caux.fr\/#organization\"},\"potentialAction\":[{\"@type\":\"SearchAction\",\"target\":{\"@type\":\"EntryPoint\",\"urlTemplate\":\"https:\/\/alexandre-caux.fr\/?s={search_term_string}\"},\"query-input\":{\"@type\":\"PropertyValueSpecification\",\"valueRequired\":true,\"valueName\":\"search_term_string\"}}],\"inLanguage\":\"fr-FR\"},{\"@type\":\"Organization\",\"@id\":\"https:\/\/alexandre-caux.fr\/#organization\",\"name\":\"Alexandre CAUX - Attach\u00e9 Juridique Ind\u00e9pendant\",\"url\":\"https:\/\/alexandre-caux.fr\/\",\"logo\":{\"@type\":\"ImageObject\",\"inLanguage\":\"fr-FR\",\"@id\":\"https:\/\/alexandre-caux.fr\/#\/schema\/logo\/image\/\",\"url\":\"https:\/\/alexandre-caux.fr\/wp-content\/uploads\/2026\/01\/logo_bleu-copie.png\",\"contentUrl\":\"https:\/\/alexandre-caux.fr\/wp-content\/uploads\/2026\/01\/logo_bleu-copie.png\",\"width\":1315,\"height\":1411,\"caption\":\"Alexandre CAUX - Attach\u00e9 Juridique Ind\u00e9pendant\"},\"image\":{\"@id\":\"https:\/\/alexandre-caux.fr\/#\/schema\/logo\/image\/\"}}]}<\/script>\n<!-- \/ Yoast SEO plugin. -->","yoast_head_json":{"title":"Mentions l\u00e9gales - Alexandre CAUX - Attach\u00e9 Juridique Ind\u00e9pendant","description":"D\u00e9couvrez les mentions l\u00e9gales d'Alexandre Caux, y compris les informations de contact et les d\u00e9tails de l'h\u00e9bergeur.","robots":{"index":"index","follow":"follow","max-snippet":"max-snippet:-1","max-image-preview":"max-image-preview:large","max-video-preview":"max-video-preview:-1"},"canonical":"https:\/\/alexandre-caux.fr\/index.php\/mentions-legales\/","og_locale":"fr_FR","og_type":"article","og_title":"Mentions l\u00e9gales - Alexandre CAUX - Attach\u00e9 Juridique Ind\u00e9pendant","og_description":"D\u00e9couvrez les mentions l\u00e9gales d'Alexandre Caux, y compris les informations de contact et les d\u00e9tails de l'h\u00e9bergeur.","og_url":"https:\/\/alexandre-caux.fr\/index.php\/mentions-legales\/","og_site_name":"Alexandre CAUX - Attach\u00e9 Juridique Ind\u00e9pendant","article_modified_time":"2026-01-05T09:46:08+00:00","twitter_card":"summary_large_image","twitter_misc":{"Dur\u00e9e de lecture estim\u00e9e":"1 minute"},"schema":{"@context":"https:\/\/schema.org","@graph":[{"@type":"WebPage","@id":"https:\/\/alexandre-caux.fr\/index.php\/mentions-legales\/","url":"https:\/\/alexandre-caux.fr\/index.php\/mentions-legales\/","name":"Mentions l\u00e9gales - Alexandre CAUX - Attach\u00e9 Juridique Ind\u00e9pendant","isPartOf":{"@id":"https:\/\/alexandre-caux.fr\/#website"},"datePublished":"2026-01-02T15:44:52+00:00","dateModified":"2026-01-05T09:46:08+00:00","description":"D\u00e9couvrez les mentions l\u00e9gales d'Alexandre Caux, y compris les informations de contact et les d\u00e9tails de l'h\u00e9bergeur.","breadcrumb":{"@id":"https:\/\/alexandre-caux.fr\/index.php\/mentions-legales\/#breadcrumb"},"inLanguage":"fr-FR","potentialAction":[{"@type":"ReadAction","target":["https:\/\/alexandre-caux.fr\/index.php\/mentions-legales\/"]}]},{"@type":"BreadcrumbList","@id":"https:\/\/alexandre-caux.fr\/index.php\/mentions-legales\/#breadcrumb","itemListElement":[{"@type":"ListItem","position":1,"name":"Accueil","item":"https:\/\/alexandre-caux.fr\/"},{"@type":"ListItem","position":2,"name":"Mentions l\u00e9gales"}]},{"@type":"WebSite","@id":"https:\/\/alexandre-caux.fr\/#website","url":"https:\/\/alexandre-caux.fr\/","name":"Alexandre CAUX - Attach\u00e9 Juridique Ind\u00e9pendant","description":"Je mets mon exp\u00e9rience au profit des Cabinets d&#039;Avocats.","publisher":{"@id":"https:\/\/alexandre-caux.fr\/#organization"},"potentialAction":[{"@type":"SearchAction","target":{"@type":"EntryPoint","urlTemplate":"https:\/\/alexandre-caux.fr\/?s={search_term_string}"},"query-input":{"@type":"PropertyValueSpecification","valueRequired":true,"valueName":"search_term_string"}}],"inLanguage":"fr-FR"},{"@type":"Organization","@id":"https:\/\/alexandre-caux.fr\/#organization","name":"Alexandre CAUX - Attach\u00e9 Juridique Ind\u00e9pendant","url":"https:\/\/alexandre-caux.fr\/","logo":{"@type":"ImageObject","inLanguage":"fr-FR","@id":"https:\/\/alexandre-caux.fr\/#\/schema\/logo\/image\/","url":"https:\/\/alexandre-caux.fr\/wp-content\/uploads\/2026\/01\/logo_bleu-copie.png","contentUrl":"https:\/\/alexandre-caux.fr\/wp-content\/uploads\/2026\/01\/logo_bleu-copie.png","width":1315,"height":1411,"caption":"Alexandre CAUX - Attach\u00e9 Juridique Ind\u00e9pendant"},"image":{"@id":"https:\/\/alexandre-caux.fr\/#\/schema\/logo\/image\/"}}]}},"_links":{"self":[{"href":"https:\/\/alexandre-caux.fr\/index.php\/wp-json\/wp\/v2\/pages\/145","targetHints":{"allow":["GET"]}}],"collection":[{"href":"https:\/\/alexandre-caux.fr\/index.php\/wp-json\/wp\/v2\/pages"}],"about":[{"href":"https:\/\/alexandre-caux.fr\/index.php\/wp-json\/wp\/v2\/types\/page"}],"author":[{"embeddable":true,"href":"https:\/\/alexandre-caux.fr\/index.php\/wp-json\/wp\/v2\/users\/1"}],"replies":[{"embeddable":true,"href":"https:\/\/alexandre-caux.fr\/index.php\/wp-json\/wp\/v2\/comments?post=145"}],"version-history":[{"count":4,"href":"https:\/\/alexandre-caux.fr\/index.php\/wp-json\/wp\/v2\/pages\/145\/revisions"}],"predecessor-version":[{"id":176,"href":"https:\/\/alexandre-caux.fr\/index.php\/wp-json\/wp\/v2\/pages\/145\/revisions\/176"}],"wp:attachment":[{"href":"https:\/\/alexandre-caux.fr\/index.php\/wp-json\/wp\/v2\/media?parent=145"}],"curies":[{"name":"wp","href":"https:\/\/api.w.org\/{rel}","templated":true}]}}