{"id":153,"date":"2026-01-02T21:31:29","date_gmt":"2026-01-02T20:31:29","guid":{"rendered":"https:\/\/alexandre-caux.fr\/?page_id=153"},"modified":"2026-01-05T10:48:57","modified_gmt":"2026-01-05T09:48:57","slug":"qui-suis-je","status":"publish","type":"page","link":"https:\/\/alexandre-caux.fr\/index.php\/qui-suis-je\/","title":{"rendered":"Qui suis-je ?"},"content":{"rendered":"\n<figure class=\"wp-block-image aligncenter size-large is-resized has-custom-border\" style=\"margin-top:0;margin-right:var(--wp--preset--spacing--60);margin-bottom:0;margin-left:var(--wp--preset--spacing--60)\"><img loading=\"lazy\" decoding=\"async\" width=\"768\" height=\"1024\" src=\"https:\/\/alexandre-caux.fr\/wp-content\/uploads\/2026\/01\/IMG_4248-768x1024.jpg\" alt=\"\" class=\"wp-image-173\" style=\"border-width:13px;border-top-left-radius:100px;border-top-right-radius:100px;border-bottom-left-radius:100px;border-bottom-right-radius:100px;aspect-ratio:0.7500094507239254;width:383px;height:auto\" srcset=\"https:\/\/alexandre-caux.fr\/wp-content\/uploads\/2026\/01\/IMG_4248-768x1024.jpg 768w, https:\/\/alexandre-caux.fr\/wp-content\/uploads\/2026\/01\/IMG_4248-225x300.jpg 225w, https:\/\/alexandre-caux.fr\/wp-content\/uploads\/2026\/01\/IMG_4248-1152x1536.jpg 1152w, https:\/\/alexandre-caux.fr\/wp-content\/uploads\/2026\/01\/IMG_4248-1536x2048.jpg 1536w, https:\/\/alexandre-caux.fr\/wp-content\/uploads\/2026\/01\/IMG_4248-scaled.jpg 1920w\" sizes=\"auto, (max-width: 768px) 100vw, 768px\" \/><\/figure>\n\n\n\n<p style=\"text-align: justify;\">Titulaire d&rsquo;une capacit\u00e9 en droit option carri\u00e8re judiciaire obtenue en 2022 aupr\u00e8s de l&rsquo;Universit\u00e9 PARIS I Panth\u00e9on-Sorbonne, en partenariat avec l&rsquo;IED ; j&rsquo;ai d\u00e9cid\u00e9 d&rsquo;entrer directement dans le vif du sujet en devenant secr\u00e9taire juridique ind\u00e9pendant.<\/p>\n<p style=\"text-align: justify;\">J&rsquo;ai d&rsquo;abord mis mes services \u00e0 la disposition du Cabinet DEGRYSE \u00e0 TOULON, puis souhaitant solidifier mes comp\u00e9tences, j&rsquo;ai ensuite \u00e9tait salari\u00e9 du Cabinet GARBAIL, o\u00f9 j&rsquo;ai pu suivre la formation d&rsquo;Assistant Juridique contentieux, dispens\u00e9e par l&rsquo;ENADEP (Titre RNCP n\u00b037418).<\/p>\n<p style=\"text-align: justify;\">J&rsquo;ai ensuite rejoint le Cabinet PROXIMA, tout en poursuivant mes \u00e9tudes et acqu\u00e9rir le titre d&rsquo;Attach\u00e9 Juridique contentieux (Titre RNCP n\u00b037417).<br \/>Cette exp\u00e9rience m\u2019a permis de d\u00e9couvrir le domaine de la r\u00e9paration du pr\u00e9judice corporel, un domaine qui m\u2019a particuli\u00e8rement marqu\u00e9e et qui a renforc\u00e9 mon envie de d\u00e9fendre encore davantage les victimes de dommages corporels.<\/p>\n<p style=\"text-align: justify;\">Aujourd&rsquo;hui, je me lance \u00e0 nouveau \u00e0 mon compte afin d&rsquo;apporter mon expertise aux Cabinets d&rsquo;Avocats.<\/p>\n<p style=\"text-align: justify;\">Reconnu pour mon s\u00e9rieux, ma rigueur et mon efficacit\u00e9, je souhaite participer de fa\u00e7on proactive au d\u00e9veloppement de votre Cabinet.<\/p>\n\n\n\n<div class=\"wp-block-buttons is-content-justification-center is-layout-flex wp-container-core-buttons-is-layout-a89b3969 wp-block-buttons-is-layout-flex\">\n<div class=\"wp-block-button\"><a class=\"wp-block-button__link has-base-2-color has-custom-color-1-background-color has-text-color has-background has-link-color wp-element-button\" href=\"https:\/\/alexandre-caux.fr\/index.php\/me-contacter\/\">Me contacter<\/a><\/div>\n<\/div>\n","protected":false},"excerpt":{"rendered":"<p>Titulaire d&rsquo;une capacit\u00e9 en droit option carri\u00e8re judiciaire obtenue en 2022 aupr\u00e8s de l&rsquo;Universit\u00e9 PARIS I Panth\u00e9on-Sorbonne, en partenariat avec l&rsquo;IED ; j&rsquo;ai d\u00e9cid\u00e9 d&rsquo;entrer directement dans le vif du sujet en devenant secr\u00e9taire juridique ind\u00e9pendant. J&rsquo;ai d&rsquo;abord mis mes services \u00e0 la disposition du Cabinet DEGRYSE \u00e0 TOULON, puis souhaitant solidifier mes comp\u00e9tences, j&rsquo;ai [&hellip;]<\/p>\n","protected":false},"author":1,"featured_media":0,"parent":0,"menu_order":0,"comment_status":"closed","ping_status":"closed","template":"","meta":{"footnotes":""},"class_list":["post-153","page","type-page","status-publish","hentry"],"yoast_head":"<!-- This site is optimized with the Yoast SEO plugin v26.6 - https:\/\/yoast.com\/wordpress\/plugins\/seo\/ -->\n<title>Qui suis-je ? - Alexandre CAUX - Attach\u00e9 Juridique Ind\u00e9pendant<\/title>\n<meta name=\"description\" content=\"Un attach\u00e9 juridique ind\u00e9pendant peut apporter une expertise pr\u00e9cieuse \u00e0 votre cabinet. Apprenez-en plus sur cette profession.\" \/>\n<meta name=\"robots\" content=\"index, follow, max-snippet:-1, max-image-preview:large, max-video-preview:-1\" \/>\n<link rel=\"canonical\" href=\"https:\/\/alexandre-caux.fr\/index.php\/qui-suis-je\/\" \/>\n<meta property=\"og:locale\" content=\"fr_FR\" \/>\n<meta property=\"og:type\" content=\"article\" \/>\n<meta property=\"og:title\" content=\"Qui suis-je ? - Alexandre CAUX - Attach\u00e9 Juridique Ind\u00e9pendant\" \/>\n<meta property=\"og:description\" content=\"Un attach\u00e9 juridique ind\u00e9pendant peut apporter une expertise pr\u00e9cieuse \u00e0 votre cabinet. Apprenez-en plus sur cette profession.\" \/>\n<meta property=\"og:url\" content=\"https:\/\/alexandre-caux.fr\/index.php\/qui-suis-je\/\" \/>\n<meta property=\"og:site_name\" content=\"Alexandre CAUX - Attach\u00e9 Juridique Ind\u00e9pendant\" \/>\n<meta property=\"article:modified_time\" content=\"2026-01-05T09:48:57+00:00\" \/>\n<meta property=\"og:image\" content=\"https:\/\/alexandre-caux.fr\/wp-content\/uploads\/2026\/01\/IMG_4248-scaled.jpg\" \/>\n\t<meta property=\"og:image:width\" content=\"1920\" \/>\n\t<meta property=\"og:image:height\" content=\"2560\" \/>\n\t<meta property=\"og:image:type\" content=\"image\/jpeg\" \/>\n<meta name=\"twitter:card\" content=\"summary_large_image\" \/>\n<meta name=\"twitter:label1\" content=\"Dur\u00e9e de lecture estim\u00e9e\" \/>\n\t<meta name=\"twitter:data1\" content=\"2 minutes\" \/>\n<script type=\"application\/ld+json\" class=\"yoast-schema-graph\">{\"@context\":\"https:\/\/schema.org\",\"@graph\":[{\"@type\":\"WebPage\",\"@id\":\"https:\/\/alexandre-caux.fr\/index.php\/qui-suis-je\/\",\"url\":\"https:\/\/alexandre-caux.fr\/index.php\/qui-suis-je\/\",\"name\":\"Qui suis-je ? - Alexandre CAUX - Attach\u00e9 Juridique Ind\u00e9pendant\",\"isPartOf\":{\"@id\":\"https:\/\/alexandre-caux.fr\/#website\"},\"primaryImageOfPage\":{\"@id\":\"https:\/\/alexandre-caux.fr\/index.php\/qui-suis-je\/#primaryimage\"},\"image\":{\"@id\":\"https:\/\/alexandre-caux.fr\/index.php\/qui-suis-je\/#primaryimage\"},\"thumbnailUrl\":\"https:\/\/alexandre-caux.fr\/wp-content\/uploads\/2026\/01\/IMG_4248-768x1024.jpg\",\"datePublished\":\"2026-01-02T20:31:29+00:00\",\"dateModified\":\"2026-01-05T09:48:57+00:00\",\"description\":\"Un attach\u00e9 juridique ind\u00e9pendant peut apporter une expertise pr\u00e9cieuse \u00e0 votre cabinet. Apprenez-en plus sur cette profession.\",\"breadcrumb\":{\"@id\":\"https:\/\/alexandre-caux.fr\/index.php\/qui-suis-je\/#breadcrumb\"},\"inLanguage\":\"fr-FR\",\"potentialAction\":[{\"@type\":\"ReadAction\",\"target\":[\"https:\/\/alexandre-caux.fr\/index.php\/qui-suis-je\/\"]}]},{\"@type\":\"ImageObject\",\"inLanguage\":\"fr-FR\",\"@id\":\"https:\/\/alexandre-caux.fr\/index.php\/qui-suis-je\/#primaryimage\",\"url\":\"https:\/\/alexandre-caux.fr\/wp-content\/uploads\/2026\/01\/IMG_4248-scaled.jpg\",\"contentUrl\":\"https:\/\/alexandre-caux.fr\/wp-content\/uploads\/2026\/01\/IMG_4248-scaled.jpg\",\"width\":1920,\"height\":2560},{\"@type\":\"BreadcrumbList\",\"@id\":\"https:\/\/alexandre-caux.fr\/index.php\/qui-suis-je\/#breadcrumb\",\"itemListElement\":[{\"@type\":\"ListItem\",\"position\":1,\"name\":\"Accueil\",\"item\":\"https:\/\/alexandre-caux.fr\/\"},{\"@type\":\"ListItem\",\"position\":2,\"name\":\"Qui suis-je ?\"}]},{\"@type\":\"WebSite\",\"@id\":\"https:\/\/alexandre-caux.fr\/#website\",\"url\":\"https:\/\/alexandre-caux.fr\/\",\"name\":\"Alexandre CAUX - Attach\u00e9 Juridique Ind\u00e9pendant\",\"description\":\"Je mets mon exp\u00e9rience au profit des Cabinets d&#039;Avocats.\",\"publisher\":{\"@id\":\"https:\/\/alexandre-caux.fr\/#organization\"},\"potentialAction\":[{\"@type\":\"SearchAction\",\"target\":{\"@type\":\"EntryPoint\",\"urlTemplate\":\"https:\/\/alexandre-caux.fr\/?s={search_term_string}\"},\"query-input\":{\"@type\":\"PropertyValueSpecification\",\"valueRequired\":true,\"valueName\":\"search_term_string\"}}],\"inLanguage\":\"fr-FR\"},{\"@type\":\"Organization\",\"@id\":\"https:\/\/alexandre-caux.fr\/#organization\",\"name\":\"Alexandre CAUX - Attach\u00e9 Juridique Ind\u00e9pendant\",\"url\":\"https:\/\/alexandre-caux.fr\/\",\"logo\":{\"@type\":\"ImageObject\",\"inLanguage\":\"fr-FR\",\"@id\":\"https:\/\/alexandre-caux.fr\/#\/schema\/logo\/image\/\",\"url\":\"https:\/\/alexandre-caux.fr\/wp-content\/uploads\/2026\/01\/logo_bleu-copie.png\",\"contentUrl\":\"https:\/\/alexandre-caux.fr\/wp-content\/uploads\/2026\/01\/logo_bleu-copie.png\",\"width\":1315,\"height\":1411,\"caption\":\"Alexandre CAUX - Attach\u00e9 Juridique Ind\u00e9pendant\"},\"image\":{\"@id\":\"https:\/\/alexandre-caux.fr\/#\/schema\/logo\/image\/\"}}]}<\/script>\n<!-- \/ Yoast SEO plugin. -->","yoast_head_json":{"title":"Qui suis-je ? - Alexandre CAUX - Attach\u00e9 Juridique Ind\u00e9pendant","description":"Un attach\u00e9 juridique ind\u00e9pendant peut apporter une expertise pr\u00e9cieuse \u00e0 votre cabinet. Apprenez-en plus sur cette profession.","robots":{"index":"index","follow":"follow","max-snippet":"max-snippet:-1","max-image-preview":"max-image-preview:large","max-video-preview":"max-video-preview:-1"},"canonical":"https:\/\/alexandre-caux.fr\/index.php\/qui-suis-je\/","og_locale":"fr_FR","og_type":"article","og_title":"Qui suis-je ? - Alexandre CAUX - Attach\u00e9 Juridique Ind\u00e9pendant","og_description":"Un attach\u00e9 juridique ind\u00e9pendant peut apporter une expertise pr\u00e9cieuse \u00e0 votre cabinet. Apprenez-en plus sur cette profession.","og_url":"https:\/\/alexandre-caux.fr\/index.php\/qui-suis-je\/","og_site_name":"Alexandre CAUX - Attach\u00e9 Juridique Ind\u00e9pendant","article_modified_time":"2026-01-05T09:48:57+00:00","og_image":[{"width":1920,"height":2560,"url":"https:\/\/alexandre-caux.fr\/wp-content\/uploads\/2026\/01\/IMG_4248-scaled.jpg","type":"image\/jpeg"}],"twitter_card":"summary_large_image","twitter_misc":{"Dur\u00e9e de lecture estim\u00e9e":"2 minutes"},"schema":{"@context":"https:\/\/schema.org","@graph":[{"@type":"WebPage","@id":"https:\/\/alexandre-caux.fr\/index.php\/qui-suis-je\/","url":"https:\/\/alexandre-caux.fr\/index.php\/qui-suis-je\/","name":"Qui suis-je ? - Alexandre CAUX - Attach\u00e9 Juridique Ind\u00e9pendant","isPartOf":{"@id":"https:\/\/alexandre-caux.fr\/#website"},"primaryImageOfPage":{"@id":"https:\/\/alexandre-caux.fr\/index.php\/qui-suis-je\/#primaryimage"},"image":{"@id":"https:\/\/alexandre-caux.fr\/index.php\/qui-suis-je\/#primaryimage"},"thumbnailUrl":"https:\/\/alexandre-caux.fr\/wp-content\/uploads\/2026\/01\/IMG_4248-768x1024.jpg","datePublished":"2026-01-02T20:31:29+00:00","dateModified":"2026-01-05T09:48:57+00:00","description":"Un attach\u00e9 juridique ind\u00e9pendant peut apporter une expertise pr\u00e9cieuse \u00e0 votre cabinet. Apprenez-en plus sur cette profession.","breadcrumb":{"@id":"https:\/\/alexandre-caux.fr\/index.php\/qui-suis-je\/#breadcrumb"},"inLanguage":"fr-FR","potentialAction":[{"@type":"ReadAction","target":["https:\/\/alexandre-caux.fr\/index.php\/qui-suis-je\/"]}]},{"@type":"ImageObject","inLanguage":"fr-FR","@id":"https:\/\/alexandre-caux.fr\/index.php\/qui-suis-je\/#primaryimage","url":"https:\/\/alexandre-caux.fr\/wp-content\/uploads\/2026\/01\/IMG_4248-scaled.jpg","contentUrl":"https:\/\/alexandre-caux.fr\/wp-content\/uploads\/2026\/01\/IMG_4248-scaled.jpg","width":1920,"height":2560},{"@type":"BreadcrumbList","@id":"https:\/\/alexandre-caux.fr\/index.php\/qui-suis-je\/#breadcrumb","itemListElement":[{"@type":"ListItem","position":1,"name":"Accueil","item":"https:\/\/alexandre-caux.fr\/"},{"@type":"ListItem","position":2,"name":"Qui suis-je ?"}]},{"@type":"WebSite","@id":"https:\/\/alexandre-caux.fr\/#website","url":"https:\/\/alexandre-caux.fr\/","name":"Alexandre CAUX - Attach\u00e9 Juridique Ind\u00e9pendant","description":"Je mets mon exp\u00e9rience au profit des Cabinets d&#039;Avocats.","publisher":{"@id":"https:\/\/alexandre-caux.fr\/#organization"},"potentialAction":[{"@type":"SearchAction","target":{"@type":"EntryPoint","urlTemplate":"https:\/\/alexandre-caux.fr\/?s={search_term_string}"},"query-input":{"@type":"PropertyValueSpecification","valueRequired":true,"valueName":"search_term_string"}}],"inLanguage":"fr-FR"},{"@type":"Organization","@id":"https:\/\/alexandre-caux.fr\/#organization","name":"Alexandre CAUX - Attach\u00e9 Juridique Ind\u00e9pendant","url":"https:\/\/alexandre-caux.fr\/","logo":{"@type":"ImageObject","inLanguage":"fr-FR","@id":"https:\/\/alexandre-caux.fr\/#\/schema\/logo\/image\/","url":"https:\/\/alexandre-caux.fr\/wp-content\/uploads\/2026\/01\/logo_bleu-copie.png","contentUrl":"https:\/\/alexandre-caux.fr\/wp-content\/uploads\/2026\/01\/logo_bleu-copie.png","width":1315,"height":1411,"caption":"Alexandre CAUX - Attach\u00e9 Juridique Ind\u00e9pendant"},"image":{"@id":"https:\/\/alexandre-caux.fr\/#\/schema\/logo\/image\/"}}]}},"_links":{"self":[{"href":"https:\/\/alexandre-caux.fr\/index.php\/wp-json\/wp\/v2\/pages\/153","targetHints":{"allow":["GET"]}}],"collection":[{"href":"https:\/\/alexandre-caux.fr\/index.php\/wp-json\/wp\/v2\/pages"}],"about":[{"href":"https:\/\/alexandre-caux.fr\/index.php\/wp-json\/wp\/v2\/types\/page"}],"author":[{"embeddable":true,"href":"https:\/\/alexandre-caux.fr\/index.php\/wp-json\/wp\/v2\/users\/1"}],"replies":[{"embeddable":true,"href":"https:\/\/alexandre-caux.fr\/index.php\/wp-json\/wp\/v2\/comments?post=153"}],"version-history":[{"count":7,"href":"https:\/\/alexandre-caux.fr\/index.php\/wp-json\/wp\/v2\/pages\/153\/revisions"}],"predecessor-version":[{"id":191,"href":"https:\/\/alexandre-caux.fr\/index.php\/wp-json\/wp\/v2\/pages\/153\/revisions\/191"}],"wp:attachment":[{"href":"https:\/\/alexandre-caux.fr\/index.php\/wp-json\/wp\/v2\/media?parent=153"}],"curies":[{"name":"wp","href":"https:\/\/api.w.org\/{rel}","templated":true}]}}