{"id":167,"date":"2026-01-03T07:03:05","date_gmt":"2026-01-03T06:03:05","guid":{"rendered":"https:\/\/alexandre-caux.fr\/?page_id=167"},"modified":"2026-01-05T10:46:47","modified_gmt":"2026-01-05T09:46:47","slug":"conditions-generales-dutilisation","status":"publish","type":"page","link":"https:\/\/alexandre-caux.fr\/index.php\/conditions-generales-dutilisation\/","title":{"rendered":"Conditions G\u00e9n\u00e9rales d&rsquo;Utilisation"},"content":{"rendered":"\n<h4 style=\"text-align: justify;\"><span style=\"text-decoration: underline;\">I. Description<\/span><br \/><br \/>Conform\u00e9ment aux dispositions des Articles 6-III et 19 de la Loi n\u00b02004-575 du 21 juin 2004 pour la Confiance dans l\u2019\u00e9conomie num\u00e9rique, dite L.C.E.N., il est porte\u0301 a\u0300 la connaissance des Utilisateurs du site www.alexandre-caux.fr les pr\u00e9sentes conditions g\u00e9n\u00e9rales d&rsquo;utilisation. <br \/>La connexion et la navigation sur le site www.alexandre-caux.fr par l\u2019Utilisateur implique acceptation int\u00e9grale et sans r\u00e9serve des pr\u00e9sentes mentions l\u00e9gales.<br \/><br \/><span style=\"text-decoration: underline;\">II. Condition d&rsquo;acc\u00e8s<\/span><br \/><br \/>Le site est accessible par tout endroit, 7j\/7, 24h\/24 sauf cas de force majeure, interruption programme\u0301e ou non et pouvant de\u0301couler d\u2019une ne\u0301cessite\u0301 de maintenance. <br \/><br \/>En cas de modification, interruption ou suspension des services le site www.alexandre-caux.fr ne saurait e\u0302tre tenu responsable.<br \/><br \/><span style=\"text-decoration: underline;\">III. Collecte de donn\u00e9es<\/span><br \/><br \/>Le site est exempte\u0301 de de\u0301claration a\u0300 la Commission Nationale Informatique et Liberte\u0301s (CNIL) dans la mesure ou\u0300 il ne collecte aucune donne\u0301e concernant les utilisateurs.<br \/><br \/><span style=\"text-decoration: underline;\">IV. Cookies<\/span><br \/><br \/>Ce site ne collecte pas de cookies.\u00a0<br \/><br \/><span style=\"text-decoration: underline;\">V. Propri\u00e9t\u00e9 intellectuelle<\/span><br \/><br \/>Toute utilisation, reproduction, diffusion, commercialisation, modification de toute ou partie du site www.alexandre-caux.fr, sans autorisation de l\u2019Editeur est prohibe\u0301e et pourra entrai\u0302ne\u0301e des actions et poursuites judiciaires telles que notamment pre\u0301vues par le Code de la proprie\u0301te\u0301 intellectuelle et le Code civil. Pour plus d\u2019informations et demande des conditions ge\u0301ne\u0301rales de prestation : <a href=\"mailto:contact@alexandre-caux.fr\">contact@alexandre-caux.fr<\/a>.<br \/><br \/><\/h4>\n","protected":false},"excerpt":{"rendered":"<p>I. Description Conform\u00e9ment aux dispositions des Articles 6-III et 19 de la Loi n\u00b02004-575 du 21 juin 2004 pour la Confiance dans l\u2019\u00e9conomie num\u00e9rique, dite L.C.E.N., il est porte\u0301 a\u0300 la connaissance des Utilisateurs du site www.alexandre-caux.fr les pr\u00e9sentes conditions g\u00e9n\u00e9rales d&rsquo;utilisation. La connexion et la navigation sur le site www.alexandre-caux.fr par l\u2019Utilisateur implique acceptation [&hellip;]<\/p>\n","protected":false},"author":1,"featured_media":0,"parent":0,"menu_order":0,"comment_status":"closed","ping_status":"closed","template":"","meta":{"footnotes":""},"class_list":["post-167","page","type-page","status-publish","hentry"],"yoast_head":"<!-- This site is optimized with the Yoast SEO plugin v26.6 - https:\/\/yoast.com\/wordpress\/plugins\/seo\/ -->\n<title>Conditions G\u00e9n\u00e9rales d&#039;Utilisation - Alexandre CAUX - Attach\u00e9 Juridique Ind\u00e9pendant<\/title>\n<meta name=\"description\" content=\"D\u00e9couvrez les conditions g\u00e9n\u00e9rales d&#039;utilisation pour mieux comprendre mes services et vous engager avec confiance.\" \/>\n<meta name=\"robots\" content=\"index, follow, max-snippet:-1, max-image-preview:large, max-video-preview:-1\" \/>\n<link rel=\"canonical\" href=\"https:\/\/alexandre-caux.fr\/index.php\/conditions-generales-dutilisation\/\" \/>\n<meta property=\"og:locale\" content=\"fr_FR\" \/>\n<meta property=\"og:type\" content=\"article\" \/>\n<meta property=\"og:title\" content=\"Conditions G\u00e9n\u00e9rales d&#039;Utilisation - Alexandre CAUX - Attach\u00e9 Juridique Ind\u00e9pendant\" \/>\n<meta property=\"og:description\" content=\"D\u00e9couvrez les conditions g\u00e9n\u00e9rales d&#039;utilisation pour mieux comprendre mes services et vous engager avec confiance.\" \/>\n<meta property=\"og:url\" content=\"https:\/\/alexandre-caux.fr\/index.php\/conditions-generales-dutilisation\/\" \/>\n<meta property=\"og:site_name\" content=\"Alexandre CAUX - Attach\u00e9 Juridique Ind\u00e9pendant\" \/>\n<meta property=\"article:modified_time\" content=\"2026-01-05T09:46:47+00:00\" \/>\n<meta name=\"twitter:card\" content=\"summary_large_image\" \/>\n<meta name=\"twitter:label1\" content=\"Dur\u00e9e de lecture estim\u00e9e\" \/>\n\t<meta name=\"twitter:data1\" content=\"2 minutes\" \/>\n<script type=\"application\/ld+json\" class=\"yoast-schema-graph\">{\"@context\":\"https:\/\/schema.org\",\"@graph\":[{\"@type\":\"WebPage\",\"@id\":\"https:\/\/alexandre-caux.fr\/index.php\/conditions-generales-dutilisation\/\",\"url\":\"https:\/\/alexandre-caux.fr\/index.php\/conditions-generales-dutilisation\/\",\"name\":\"Conditions G\u00e9n\u00e9rales d'Utilisation - Alexandre CAUX - Attach\u00e9 Juridique Ind\u00e9pendant\",\"isPartOf\":{\"@id\":\"https:\/\/alexandre-caux.fr\/#website\"},\"datePublished\":\"2026-01-03T06:03:05+00:00\",\"dateModified\":\"2026-01-05T09:46:47+00:00\",\"description\":\"D\u00e9couvrez les conditions g\u00e9n\u00e9rales d'utilisation pour mieux comprendre mes services et vous engager avec confiance.\",\"breadcrumb\":{\"@id\":\"https:\/\/alexandre-caux.fr\/index.php\/conditions-generales-dutilisation\/#breadcrumb\"},\"inLanguage\":\"fr-FR\",\"potentialAction\":[{\"@type\":\"ReadAction\",\"target\":[\"https:\/\/alexandre-caux.fr\/index.php\/conditions-generales-dutilisation\/\"]}]},{\"@type\":\"BreadcrumbList\",\"@id\":\"https:\/\/alexandre-caux.fr\/index.php\/conditions-generales-dutilisation\/#breadcrumb\",\"itemListElement\":[{\"@type\":\"ListItem\",\"position\":1,\"name\":\"Accueil\",\"item\":\"https:\/\/alexandre-caux.fr\/\"},{\"@type\":\"ListItem\",\"position\":2,\"name\":\"Conditions G\u00e9n\u00e9rales d&rsquo;Utilisation\"}]},{\"@type\":\"WebSite\",\"@id\":\"https:\/\/alexandre-caux.fr\/#website\",\"url\":\"https:\/\/alexandre-caux.fr\/\",\"name\":\"Alexandre CAUX - Attach\u00e9 Juridique Ind\u00e9pendant\",\"description\":\"Je mets mon exp\u00e9rience au profit des Cabinets d&#039;Avocats.\",\"publisher\":{\"@id\":\"https:\/\/alexandre-caux.fr\/#organization\"},\"potentialAction\":[{\"@type\":\"SearchAction\",\"target\":{\"@type\":\"EntryPoint\",\"urlTemplate\":\"https:\/\/alexandre-caux.fr\/?s={search_term_string}\"},\"query-input\":{\"@type\":\"PropertyValueSpecification\",\"valueRequired\":true,\"valueName\":\"search_term_string\"}}],\"inLanguage\":\"fr-FR\"},{\"@type\":\"Organization\",\"@id\":\"https:\/\/alexandre-caux.fr\/#organization\",\"name\":\"Alexandre CAUX - Attach\u00e9 Juridique Ind\u00e9pendant\",\"url\":\"https:\/\/alexandre-caux.fr\/\",\"logo\":{\"@type\":\"ImageObject\",\"inLanguage\":\"fr-FR\",\"@id\":\"https:\/\/alexandre-caux.fr\/#\/schema\/logo\/image\/\",\"url\":\"https:\/\/alexandre-caux.fr\/wp-content\/uploads\/2026\/01\/logo_bleu-copie.png\",\"contentUrl\":\"https:\/\/alexandre-caux.fr\/wp-content\/uploads\/2026\/01\/logo_bleu-copie.png\",\"width\":1315,\"height\":1411,\"caption\":\"Alexandre CAUX - Attach\u00e9 Juridique Ind\u00e9pendant\"},\"image\":{\"@id\":\"https:\/\/alexandre-caux.fr\/#\/schema\/logo\/image\/\"}}]}<\/script>\n<!-- \/ Yoast SEO plugin. -->","yoast_head_json":{"title":"Conditions G\u00e9n\u00e9rales d'Utilisation - Alexandre CAUX - Attach\u00e9 Juridique Ind\u00e9pendant","description":"D\u00e9couvrez les conditions g\u00e9n\u00e9rales d'utilisation pour mieux comprendre mes services et vous engager avec confiance.","robots":{"index":"index","follow":"follow","max-snippet":"max-snippet:-1","max-image-preview":"max-image-preview:large","max-video-preview":"max-video-preview:-1"},"canonical":"https:\/\/alexandre-caux.fr\/index.php\/conditions-generales-dutilisation\/","og_locale":"fr_FR","og_type":"article","og_title":"Conditions G\u00e9n\u00e9rales d'Utilisation - Alexandre CAUX - Attach\u00e9 Juridique Ind\u00e9pendant","og_description":"D\u00e9couvrez les conditions g\u00e9n\u00e9rales d'utilisation pour mieux comprendre mes services et vous engager avec confiance.","og_url":"https:\/\/alexandre-caux.fr\/index.php\/conditions-generales-dutilisation\/","og_site_name":"Alexandre CAUX - Attach\u00e9 Juridique Ind\u00e9pendant","article_modified_time":"2026-01-05T09:46:47+00:00","twitter_card":"summary_large_image","twitter_misc":{"Dur\u00e9e de lecture estim\u00e9e":"2 minutes"},"schema":{"@context":"https:\/\/schema.org","@graph":[{"@type":"WebPage","@id":"https:\/\/alexandre-caux.fr\/index.php\/conditions-generales-dutilisation\/","url":"https:\/\/alexandre-caux.fr\/index.php\/conditions-generales-dutilisation\/","name":"Conditions G\u00e9n\u00e9rales d'Utilisation - Alexandre CAUX - Attach\u00e9 Juridique Ind\u00e9pendant","isPartOf":{"@id":"https:\/\/alexandre-caux.fr\/#website"},"datePublished":"2026-01-03T06:03:05+00:00","dateModified":"2026-01-05T09:46:47+00:00","description":"D\u00e9couvrez les conditions g\u00e9n\u00e9rales d'utilisation pour mieux comprendre mes services et vous engager avec confiance.","breadcrumb":{"@id":"https:\/\/alexandre-caux.fr\/index.php\/conditions-generales-dutilisation\/#breadcrumb"},"inLanguage":"fr-FR","potentialAction":[{"@type":"ReadAction","target":["https:\/\/alexandre-caux.fr\/index.php\/conditions-generales-dutilisation\/"]}]},{"@type":"BreadcrumbList","@id":"https:\/\/alexandre-caux.fr\/index.php\/conditions-generales-dutilisation\/#breadcrumb","itemListElement":[{"@type":"ListItem","position":1,"name":"Accueil","item":"https:\/\/alexandre-caux.fr\/"},{"@type":"ListItem","position":2,"name":"Conditions G\u00e9n\u00e9rales d&rsquo;Utilisation"}]},{"@type":"WebSite","@id":"https:\/\/alexandre-caux.fr\/#website","url":"https:\/\/alexandre-caux.fr\/","name":"Alexandre CAUX - Attach\u00e9 Juridique Ind\u00e9pendant","description":"Je mets mon exp\u00e9rience au profit des Cabinets d&#039;Avocats.","publisher":{"@id":"https:\/\/alexandre-caux.fr\/#organization"},"potentialAction":[{"@type":"SearchAction","target":{"@type":"EntryPoint","urlTemplate":"https:\/\/alexandre-caux.fr\/?s={search_term_string}"},"query-input":{"@type":"PropertyValueSpecification","valueRequired":true,"valueName":"search_term_string"}}],"inLanguage":"fr-FR"},{"@type":"Organization","@id":"https:\/\/alexandre-caux.fr\/#organization","name":"Alexandre CAUX - Attach\u00e9 Juridique Ind\u00e9pendant","url":"https:\/\/alexandre-caux.fr\/","logo":{"@type":"ImageObject","inLanguage":"fr-FR","@id":"https:\/\/alexandre-caux.fr\/#\/schema\/logo\/image\/","url":"https:\/\/alexandre-caux.fr\/wp-content\/uploads\/2026\/01\/logo_bleu-copie.png","contentUrl":"https:\/\/alexandre-caux.fr\/wp-content\/uploads\/2026\/01\/logo_bleu-copie.png","width":1315,"height":1411,"caption":"Alexandre CAUX - Attach\u00e9 Juridique Ind\u00e9pendant"},"image":{"@id":"https:\/\/alexandre-caux.fr\/#\/schema\/logo\/image\/"}}]}},"_links":{"self":[{"href":"https:\/\/alexandre-caux.fr\/index.php\/wp-json\/wp\/v2\/pages\/167","targetHints":{"allow":["GET"]}}],"collection":[{"href":"https:\/\/alexandre-caux.fr\/index.php\/wp-json\/wp\/v2\/pages"}],"about":[{"href":"https:\/\/alexandre-caux.fr\/index.php\/wp-json\/wp\/v2\/types\/page"}],"author":[{"embeddable":true,"href":"https:\/\/alexandre-caux.fr\/index.php\/wp-json\/wp\/v2\/users\/1"}],"replies":[{"embeddable":true,"href":"https:\/\/alexandre-caux.fr\/index.php\/wp-json\/wp\/v2\/comments?post=167"}],"version-history":[{"count":2,"href":"https:\/\/alexandre-caux.fr\/index.php\/wp-json\/wp\/v2\/pages\/167\/revisions"}],"predecessor-version":[{"id":172,"href":"https:\/\/alexandre-caux.fr\/index.php\/wp-json\/wp\/v2\/pages\/167\/revisions\/172"}],"wp:attachment":[{"href":"https:\/\/alexandre-caux.fr\/index.php\/wp-json\/wp\/v2\/media?parent=167"}],"curies":[{"name":"wp","href":"https:\/\/api.w.org\/{rel}","templated":true}]}}