{"id":177,"date":"2026-01-03T19:29:57","date_gmt":"2026-01-03T18:29:57","guid":{"rendered":"https:\/\/alexandre-caux.fr\/?page_id=177"},"modified":"2026-01-05T09:51:36","modified_gmt":"2026-01-05T08:51:36","slug":"mes-prestations","status":"publish","type":"page","link":"https:\/\/alexandre-caux.fr\/index.php\/mes-prestations\/","title":{"rendered":"Mes prestations"},"content":{"rendered":"\n<p style=\"text-align: justify;\">En qualit\u00e9 d&rsquo;attach\u00e9 juridique ind\u00e9pendant, je vous propose diverses prestations afin de participer de fa\u00e7on proactive au d\u00e9veloppement et \u00e0 la p\u00e9rennisation de votre structure.\u00a0<\/p>\n<ul>\n<li>\n<h3><span style=\"color: #ffffff; background-color: #2b307f;\">Organisation<\/span><\/h3>\n<\/li>\n<\/ul>\n\n\n\n<p style=\"text-align: justify;\">Classement num\u00e9rique, archivage num\u00e9rique, enregistrement des mails, classement et tri des pi\u00e8ces num\u00e9ris\u00e9es, ouverture num\u00e9rique des dossiers, gestion de l&rsquo;agenda du Cabinet, prise de date par RPVA, etc.<\/p>\n\n\n\n<ul>\n<li>\n<h3><span style=\"background-color: #2b307f; color: #ffffff;\">R\u00e9daction<\/span><\/h3>\n<\/li>\n<\/ul>\n\n\n\n<p style=\"text-align: justify;\">R\u00e9daction de courriers simples, mise en forme d&rsquo;acte, r\u00e9daction de courriels, communication avec les diff\u00e9rents intervenants externes, communication avec les juridictions, etc.&nbsp;<\/p>\n\n\n\n<ul>\n<li>\n<h3><span style=\"color: #ffffff; background-color: #2b307f;\">Communication<\/span><\/h3>\n<\/li>\n<\/ul>\n\n\n\n<p style=\"text-align: justify;\">R\u00e9daction de posts pour les r\u00e9seaux sociaux, r\u00e9daction d&rsquo;article, cr\u00e9ation de charte graphique, cr\u00e9ation de site web, actualisation du plan de communication d\u00e9j\u00e0 existant, organisation d&rsquo;\u00e9v\u00e8nements li\u00e9s au d\u00e9veloppement de votre Cabinet, etc.<\/p>\n\n\n\n<h4 style=\"text-align: justify;\"><span style=\"color: #ffffff; background-color: #2b307f;\">Pourquoi avoir recours \u00e0 un Attach\u00e9 Juridique externalis\u00e9 ?<\/span><\/h4>\n\n\n\n<p style=\"text-align: justify;\">Un A<b>ttach\u00e9 Juridique ind\u00e9pendant<\/b>\u00a0repr\u00e9sente avant tout un\u00a0<span style=\"text-decoration: underline;\"><b>gain de temps consid\u00e9rable<\/b><\/span> pour les Cabinets d&rsquo;Avocats. <br \/><br \/>En prenant en charge la veille juridique, la r\u00e9daction et le suivi des actes, la pr\u00e9paration des dossiers ou encore la gestion des formalit\u00e9s, il permet aux d\u00e9cideurs de se recentrer sur leurs missions strat\u00e9giques \u00e0 forte valeur ajout\u00e9e. Son regard externe et sa capacit\u00e9 \u00e0 intervenir de mani\u00e8re cibl\u00e9e \u00e9vitent les lourdeurs internes et r\u00e9duisent les d\u00e9lais de traitement, tout en assurant une rigueur juridique constante et adapt\u00e9e aux besoins r\u00e9els de la structure.<\/p>\n<p style=\"text-align: justify;\">Sur le plan\u00a0<b>manag\u00e9rial<\/b>, l\u2019Attach\u00e9 Juridique ind\u00e9pendant apporte une <span style=\"text-decoration: underline;\"><b>organisation claire et une planification efficace<\/b><\/span>\u00a0des t\u00e2ches juridiques. <br \/><br \/>Habitu\u00e9 \u00e0 travailler en mode projet, il structure les priorit\u00e9s, anticipe les \u00e9ch\u00e9ances et met en place des outils de suivi performants. Cette m\u00e9thodologie favorise une meilleure coordination entre les \u00e9quipes, s\u00e9curise les processus d\u00e9cisionnels et fluidifie la gestion quotidienne. En s\u2019int\u00e9grant avec souplesse dans l\u2019\u00e9cosyst\u00e8me existant, il contribue \u00e0 une gouvernance plus sereine, o\u00f9 le juridique devient un v\u00e9ritable levier d\u2019efficacit\u00e9 et de performance.<i><span class=\"Apple-converted-space\">\u00a0<\/span><\/i><\/p>\n<p style=\"text-align: justify;\">De plus, faire appel \u00e0 un Attach\u00e9 Juridique ind\u00e9pendant repr\u00e9sente nettement moins de contraintes pour vous et votre Cabinet.\u00a0<br \/>En effet, vous n&rsquo;avez pas \u00e0 vous soucier de toute la paperasse n\u00e9cessaire dans le cadre d&rsquo;une embauche classique, ni de ses \u00e9ventuels arr\u00eats maladies, ni de ses cong\u00e9s&#8230; \u00a0<\/p>\n<p style=\"text-align: justify;\">Enfin, l&rsquo;Attach\u00e9 Juridique externalis\u00e9 aura un point de vue <strong>objectif<\/strong> et <strong>compl\u00e8tement<\/strong> <strong>neutre<\/strong> sur votre activit\u00e9, ce qui lui permettra de saisir les enjeux n\u00e9cessaire au d\u00e9veloppement de votre structure, et de mettre en place ou d&rsquo;actualiser <span style=\"text-decoration: underline;\"><strong>l<\/strong><strong>es process utiles au bon fonctionnement de votre Cabinet<\/strong><\/span>.\u00a0<\/p>\n<p style=\"text-align: justify;\"><strong>En conclusion :\u00a0<\/strong>Faire appel \u00e0 un Attach\u00e9 Juridique ind\u00e9pendant ne repr\u00e9sente que des avantages pour vous ! Un regard neutre sur votre fonctionnement, ce qui doit \u00eatre am\u00e9lior\u00e9, tout en \u00e9vitant la paperasse et en \u00e9tant certain de l&rsquo;investissement et de l&rsquo;exp\u00e9rience que ce prestataire mettra <span style=\"text-decoration: underline;\"><strong>\u00e0 votre service<\/strong><\/span>.\u00a0<\/p>\n\n\n\n<div class=\"wp-block-buttons alignfull is-content-justification-center is-layout-flex wp-container-core-buttons-is-layout-a89b3969 wp-block-buttons-is-layout-flex\">\n<div class=\"wp-block-button has-custom-width wp-block-button__width-25 is-style-fill\"><a class=\"wp-block-button__link has-base-2-color has-custom-color-1-background-color has-text-color has-background has-link-color has-medium-font-size has-custom-font-size wp-element-button\" href=\"https:\/\/alexandre-caux.fr\/index.php\/me-contacter\/\" style=\"border-style:none;border-width:0px;border-top-left-radius:100px;border-top-right-radius:100px;border-bottom-left-radius:100px;border-bottom-right-radius:100px\">Me contacter<\/a><\/div>\n<\/div>\n","protected":false},"excerpt":{"rendered":"<p>En qualit\u00e9 d&rsquo;attach\u00e9 juridique ind\u00e9pendant, je vous propose diverses prestations afin de participer de fa\u00e7on proactive au d\u00e9veloppement et \u00e0 la p\u00e9rennisation de votre structure.\u00a0 Organisation Classement num\u00e9rique, archivage num\u00e9rique, enregistrement des mails, classement et tri des pi\u00e8ces num\u00e9ris\u00e9es, ouverture num\u00e9rique des dossiers, gestion de l&rsquo;agenda du Cabinet, prise de date par RPVA, etc. R\u00e9daction [&hellip;]<\/p>\n","protected":false},"author":1,"featured_media":0,"parent":0,"menu_order":0,"comment_status":"closed","ping_status":"closed","template":"","meta":{"footnotes":""},"class_list":["post-177","page","type-page","status-publish","hentry"],"yoast_head":"<!-- This site is optimized with the Yoast SEO plugin v26.6 - https:\/\/yoast.com\/wordpress\/plugins\/seo\/ -->\n<title>Mes prestations - Alexandre CAUX - Attach\u00e9 Juridique Ind\u00e9pendant<\/title>\n<meta name=\"description\" content=\"D\u00e9couvrez les avantages d&#039;un attach\u00e9 juridique ind\u00e9pendant pour optimiser la gestion de votre cabinet d&#039;avocats.\" \/>\n<meta name=\"robots\" content=\"index, follow, max-snippet:-1, max-image-preview:large, max-video-preview:-1\" \/>\n<link rel=\"canonical\" href=\"https:\/\/alexandre-caux.fr\/index.php\/mes-prestations\/\" \/>\n<meta property=\"og:locale\" content=\"fr_FR\" \/>\n<meta property=\"og:type\" content=\"article\" \/>\n<meta property=\"og:title\" content=\"Mes prestations - Alexandre CAUX - Attach\u00e9 Juridique Ind\u00e9pendant\" \/>\n<meta property=\"og:description\" content=\"D\u00e9couvrez les avantages d&#039;un attach\u00e9 juridique ind\u00e9pendant pour optimiser la gestion de votre cabinet d&#039;avocats.\" \/>\n<meta property=\"og:url\" content=\"https:\/\/alexandre-caux.fr\/index.php\/mes-prestations\/\" \/>\n<meta property=\"og:site_name\" content=\"Alexandre CAUX - Attach\u00e9 Juridique Ind\u00e9pendant\" \/>\n<meta property=\"article:modified_time\" content=\"2026-01-05T08:51:36+00:00\" \/>\n<meta name=\"twitter:card\" content=\"summary_large_image\" \/>\n<meta name=\"twitter:label1\" content=\"Dur\u00e9e de lecture estim\u00e9e\" \/>\n\t<meta name=\"twitter:data1\" content=\"3 minutes\" \/>\n<script type=\"application\/ld+json\" class=\"yoast-schema-graph\">{\"@context\":\"https:\/\/schema.org\",\"@graph\":[{\"@type\":\"WebPage\",\"@id\":\"https:\/\/alexandre-caux.fr\/index.php\/mes-prestations\/\",\"url\":\"https:\/\/alexandre-caux.fr\/index.php\/mes-prestations\/\",\"name\":\"Mes prestations - Alexandre CAUX - Attach\u00e9 Juridique Ind\u00e9pendant\",\"isPartOf\":{\"@id\":\"https:\/\/alexandre-caux.fr\/#website\"},\"datePublished\":\"2026-01-03T18:29:57+00:00\",\"dateModified\":\"2026-01-05T08:51:36+00:00\",\"description\":\"D\u00e9couvrez les avantages d'un attach\u00e9 juridique ind\u00e9pendant pour optimiser la gestion de votre cabinet d'avocats.\",\"breadcrumb\":{\"@id\":\"https:\/\/alexandre-caux.fr\/index.php\/mes-prestations\/#breadcrumb\"},\"inLanguage\":\"fr-FR\",\"potentialAction\":[{\"@type\":\"ReadAction\",\"target\":[\"https:\/\/alexandre-caux.fr\/index.php\/mes-prestations\/\"]}]},{\"@type\":\"BreadcrumbList\",\"@id\":\"https:\/\/alexandre-caux.fr\/index.php\/mes-prestations\/#breadcrumb\",\"itemListElement\":[{\"@type\":\"ListItem\",\"position\":1,\"name\":\"Accueil\",\"item\":\"https:\/\/alexandre-caux.fr\/\"},{\"@type\":\"ListItem\",\"position\":2,\"name\":\"Mes prestations\"}]},{\"@type\":\"WebSite\",\"@id\":\"https:\/\/alexandre-caux.fr\/#website\",\"url\":\"https:\/\/alexandre-caux.fr\/\",\"name\":\"Alexandre CAUX - Attach\u00e9 Juridique Ind\u00e9pendant\",\"description\":\"Je mets mon exp\u00e9rience au profit des Cabinets d&#039;Avocats.\",\"publisher\":{\"@id\":\"https:\/\/alexandre-caux.fr\/#organization\"},\"potentialAction\":[{\"@type\":\"SearchAction\",\"target\":{\"@type\":\"EntryPoint\",\"urlTemplate\":\"https:\/\/alexandre-caux.fr\/?s={search_term_string}\"},\"query-input\":{\"@type\":\"PropertyValueSpecification\",\"valueRequired\":true,\"valueName\":\"search_term_string\"}}],\"inLanguage\":\"fr-FR\"},{\"@type\":\"Organization\",\"@id\":\"https:\/\/alexandre-caux.fr\/#organization\",\"name\":\"Alexandre CAUX - Attach\u00e9 Juridique Ind\u00e9pendant\",\"url\":\"https:\/\/alexandre-caux.fr\/\",\"logo\":{\"@type\":\"ImageObject\",\"inLanguage\":\"fr-FR\",\"@id\":\"https:\/\/alexandre-caux.fr\/#\/schema\/logo\/image\/\",\"url\":\"https:\/\/alexandre-caux.fr\/wp-content\/uploads\/2026\/01\/logo_bleu-copie.png\",\"contentUrl\":\"https:\/\/alexandre-caux.fr\/wp-content\/uploads\/2026\/01\/logo_bleu-copie.png\",\"width\":1315,\"height\":1411,\"caption\":\"Alexandre CAUX - Attach\u00e9 Juridique Ind\u00e9pendant\"},\"image\":{\"@id\":\"https:\/\/alexandre-caux.fr\/#\/schema\/logo\/image\/\"}}]}<\/script>\n<!-- \/ Yoast SEO plugin. -->","yoast_head_json":{"title":"Mes prestations - Alexandre CAUX - Attach\u00e9 Juridique Ind\u00e9pendant","description":"D\u00e9couvrez les avantages d'un attach\u00e9 juridique ind\u00e9pendant pour optimiser la gestion de votre cabinet d'avocats.","robots":{"index":"index","follow":"follow","max-snippet":"max-snippet:-1","max-image-preview":"max-image-preview:large","max-video-preview":"max-video-preview:-1"},"canonical":"https:\/\/alexandre-caux.fr\/index.php\/mes-prestations\/","og_locale":"fr_FR","og_type":"article","og_title":"Mes prestations - Alexandre CAUX - Attach\u00e9 Juridique Ind\u00e9pendant","og_description":"D\u00e9couvrez les avantages d'un attach\u00e9 juridique ind\u00e9pendant pour optimiser la gestion de votre cabinet d'avocats.","og_url":"https:\/\/alexandre-caux.fr\/index.php\/mes-prestations\/","og_site_name":"Alexandre CAUX - Attach\u00e9 Juridique Ind\u00e9pendant","article_modified_time":"2026-01-05T08:51:36+00:00","twitter_card":"summary_large_image","twitter_misc":{"Dur\u00e9e de lecture estim\u00e9e":"3 minutes"},"schema":{"@context":"https:\/\/schema.org","@graph":[{"@type":"WebPage","@id":"https:\/\/alexandre-caux.fr\/index.php\/mes-prestations\/","url":"https:\/\/alexandre-caux.fr\/index.php\/mes-prestations\/","name":"Mes prestations - Alexandre CAUX - Attach\u00e9 Juridique Ind\u00e9pendant","isPartOf":{"@id":"https:\/\/alexandre-caux.fr\/#website"},"datePublished":"2026-01-03T18:29:57+00:00","dateModified":"2026-01-05T08:51:36+00:00","description":"D\u00e9couvrez les avantages d'un attach\u00e9 juridique ind\u00e9pendant pour optimiser la gestion de votre cabinet d'avocats.","breadcrumb":{"@id":"https:\/\/alexandre-caux.fr\/index.php\/mes-prestations\/#breadcrumb"},"inLanguage":"fr-FR","potentialAction":[{"@type":"ReadAction","target":["https:\/\/alexandre-caux.fr\/index.php\/mes-prestations\/"]}]},{"@type":"BreadcrumbList","@id":"https:\/\/alexandre-caux.fr\/index.php\/mes-prestations\/#breadcrumb","itemListElement":[{"@type":"ListItem","position":1,"name":"Accueil","item":"https:\/\/alexandre-caux.fr\/"},{"@type":"ListItem","position":2,"name":"Mes prestations"}]},{"@type":"WebSite","@id":"https:\/\/alexandre-caux.fr\/#website","url":"https:\/\/alexandre-caux.fr\/","name":"Alexandre CAUX - Attach\u00e9 Juridique Ind\u00e9pendant","description":"Je mets mon exp\u00e9rience au profit des Cabinets d&#039;Avocats.","publisher":{"@id":"https:\/\/alexandre-caux.fr\/#organization"},"potentialAction":[{"@type":"SearchAction","target":{"@type":"EntryPoint","urlTemplate":"https:\/\/alexandre-caux.fr\/?s={search_term_string}"},"query-input":{"@type":"PropertyValueSpecification","valueRequired":true,"valueName":"search_term_string"}}],"inLanguage":"fr-FR"},{"@type":"Organization","@id":"https:\/\/alexandre-caux.fr\/#organization","name":"Alexandre CAUX - Attach\u00e9 Juridique Ind\u00e9pendant","url":"https:\/\/alexandre-caux.fr\/","logo":{"@type":"ImageObject","inLanguage":"fr-FR","@id":"https:\/\/alexandre-caux.fr\/#\/schema\/logo\/image\/","url":"https:\/\/alexandre-caux.fr\/wp-content\/uploads\/2026\/01\/logo_bleu-copie.png","contentUrl":"https:\/\/alexandre-caux.fr\/wp-content\/uploads\/2026\/01\/logo_bleu-copie.png","width":1315,"height":1411,"caption":"Alexandre CAUX - Attach\u00e9 Juridique Ind\u00e9pendant"},"image":{"@id":"https:\/\/alexandre-caux.fr\/#\/schema\/logo\/image\/"}}]}},"_links":{"self":[{"href":"https:\/\/alexandre-caux.fr\/index.php\/wp-json\/wp\/v2\/pages\/177","targetHints":{"allow":["GET"]}}],"collection":[{"href":"https:\/\/alexandre-caux.fr\/index.php\/wp-json\/wp\/v2\/pages"}],"about":[{"href":"https:\/\/alexandre-caux.fr\/index.php\/wp-json\/wp\/v2\/types\/page"}],"author":[{"embeddable":true,"href":"https:\/\/alexandre-caux.fr\/index.php\/wp-json\/wp\/v2\/users\/1"}],"replies":[{"embeddable":true,"href":"https:\/\/alexandre-caux.fr\/index.php\/wp-json\/wp\/v2\/comments?post=177"}],"version-history":[{"count":3,"href":"https:\/\/alexandre-caux.fr\/index.php\/wp-json\/wp\/v2\/pages\/177\/revisions"}],"predecessor-version":[{"id":187,"href":"https:\/\/alexandre-caux.fr\/index.php\/wp-json\/wp\/v2\/pages\/177\/revisions\/187"}],"wp:attachment":[{"href":"https:\/\/alexandre-caux.fr\/index.php\/wp-json\/wp\/v2\/media?parent=177"}],"curies":[{"name":"wp","href":"https:\/\/api.w.org\/{rel}","templated":true}]}}