{"id":180,"date":"2026-01-04T10:24:20","date_gmt":"2026-01-04T09:24:20","guid":{"rendered":"https:\/\/alexandre-caux.fr\/?page_id=180"},"modified":"2026-01-04T10:24:20","modified_gmt":"2026-01-04T09:24:20","slug":"me-contacter","status":"publish","type":"page","link":"https:\/\/alexandre-caux.fr\/index.php\/me-contacter\/","title":{"rendered":"Me contacter"},"content":{"rendered":"\n\n\n<div class=\"wp-block-media-text is-stacked-on-mobile\" style=\"border-width:19px;border-top-left-radius:17px;border-top-right-radius:17px;border-bottom-left-radius:17px;border-bottom-right-radius:17px;margin-top:0;margin-right:0;margin-bottom:0;margin-left:0;padding-top:0;padding-bottom:0\"><figure class=\"wp-block-media-text__media\"><img loading=\"lazy\" decoding=\"async\" width=\"768\" height=\"1024\" src=\"https:\/\/alexandre-caux.fr\/wp-content\/uploads\/2026\/01\/IMG_4248-768x1024.jpg\" alt=\"\" class=\"wp-image-173 size-full\" srcset=\"https:\/\/alexandre-caux.fr\/wp-content\/uploads\/2026\/01\/IMG_4248-768x1024.jpg 768w, https:\/\/alexandre-caux.fr\/wp-content\/uploads\/2026\/01\/IMG_4248-225x300.jpg 225w, https:\/\/alexandre-caux.fr\/wp-content\/uploads\/2026\/01\/IMG_4248-1152x1536.jpg 1152w, https:\/\/alexandre-caux.fr\/wp-content\/uploads\/2026\/01\/IMG_4248-1536x2048.jpg 1536w, https:\/\/alexandre-caux.fr\/wp-content\/uploads\/2026\/01\/IMG_4248-scaled.jpg 1920w\" sizes=\"auto, (max-width: 768px) 100vw, 768px\" \/><\/figure><div class=\"wp-block-media-text__content\">\n<p style=\"border-top-left-radius:0px;border-top-right-radius:0px;border-bottom-left-radius:0px;border-bottom-right-radius:0px;margin-top:0;margin-right:0;margin-bottom:0;margin-left:0;padding-top:0;padding-right:0;padding-bottom:0;padding-left:0\">Pour toute demande, vous pouvez me contacter : <\/p>\n\n\n\n<ul>\n<li>\n<h6>Par courriel \u00e0 l&rsquo;adresse <a href=\"mailto:contact@alexandre-caux.fr\">contact@alexandre-caux.fr<\/a><\/h6>\n<\/li>\n<li>\n<h6>Par t\u00e9l\u00e9phone au 07 60 44 63 74<\/h6>\n<\/li>\n<li>\n<h6>Sur mon profil <a href=\"https:\/\/www.linkedin.com\/in\/alexandre-caux-8713a1252\/\">LinkedIn<\/a><\/h6>\n<\/li>\n<\/ul>\n<\/div><\/div>\n","protected":false},"excerpt":{"rendered":"<p>Pour toute demande, vous pouvez me contacter : Par courriel \u00e0 l&rsquo;adresse contact@alexandre-caux.fr Par t\u00e9l\u00e9phone au 07 60 44 63 74 Sur mon profil LinkedIn<\/p>\n","protected":false},"author":1,"featured_media":0,"parent":0,"menu_order":0,"comment_status":"closed","ping_status":"closed","template":"","meta":{"footnotes":""},"class_list":["post-180","page","type-page","status-publish","hentry"],"yoast_head":"<!-- This site is optimized with the Yoast SEO plugin v26.6 - https:\/\/yoast.com\/wordpress\/plugins\/seo\/ -->\n<title>Me contacter - Alexandre CAUX - Attach\u00e9 Juridique Ind\u00e9pendant<\/title>\n<meta name=\"robots\" content=\"index, follow, max-snippet:-1, max-image-preview:large, max-video-preview:-1\" \/>\n<link rel=\"canonical\" href=\"https:\/\/alexandre-caux.fr\/index.php\/me-contacter\/\" \/>\n<meta property=\"og:locale\" content=\"fr_FR\" \/>\n<meta property=\"og:type\" content=\"article\" \/>\n<meta property=\"og:title\" content=\"Me contacter - Alexandre CAUX - Attach\u00e9 Juridique Ind\u00e9pendant\" \/>\n<meta property=\"og:description\" content=\"Pour toute demande, vous pouvez me contacter : Par courriel \u00e0 l&rsquo;adresse contact@alexandre-caux.fr Par t\u00e9l\u00e9phone au 07 60 44 63 74 Sur mon profil LinkedIn\" \/>\n<meta property=\"og:url\" content=\"https:\/\/alexandre-caux.fr\/index.php\/me-contacter\/\" \/>\n<meta property=\"og:site_name\" content=\"Alexandre CAUX - Attach\u00e9 Juridique Ind\u00e9pendant\" \/>\n<meta property=\"og:image\" content=\"https:\/\/alexandre-caux.fr\/wp-content\/uploads\/2026\/01\/IMG_4248-scaled.jpg\" \/>\n\t<meta property=\"og:image:width\" content=\"1920\" \/>\n\t<meta property=\"og:image:height\" content=\"2560\" \/>\n\t<meta property=\"og:image:type\" content=\"image\/jpeg\" \/>\n<meta name=\"twitter:card\" content=\"summary_large_image\" \/>\n<meta name=\"twitter:label1\" content=\"Dur\u00e9e de lecture estim\u00e9e\" \/>\n\t<meta name=\"twitter:data1\" content=\"1 minute\" \/>\n<script type=\"application\/ld+json\" class=\"yoast-schema-graph\">{\"@context\":\"https:\/\/schema.org\",\"@graph\":[{\"@type\":\"WebPage\",\"@id\":\"https:\/\/alexandre-caux.fr\/index.php\/me-contacter\/\",\"url\":\"https:\/\/alexandre-caux.fr\/index.php\/me-contacter\/\",\"name\":\"Me contacter - Alexandre CAUX - Attach\u00e9 Juridique Ind\u00e9pendant\",\"isPartOf\":{\"@id\":\"https:\/\/alexandre-caux.fr\/#website\"},\"primaryImageOfPage\":{\"@id\":\"https:\/\/alexandre-caux.fr\/index.php\/me-contacter\/#primaryimage\"},\"image\":{\"@id\":\"https:\/\/alexandre-caux.fr\/index.php\/me-contacter\/#primaryimage\"},\"thumbnailUrl\":\"https:\/\/alexandre-caux.fr\/wp-content\/uploads\/2026\/01\/IMG_4248-768x1024.jpg\",\"datePublished\":\"2026-01-04T09:24:20+00:00\",\"breadcrumb\":{\"@id\":\"https:\/\/alexandre-caux.fr\/index.php\/me-contacter\/#breadcrumb\"},\"inLanguage\":\"fr-FR\",\"potentialAction\":[{\"@type\":\"ReadAction\",\"target\":[\"https:\/\/alexandre-caux.fr\/index.php\/me-contacter\/\"]}]},{\"@type\":\"ImageObject\",\"inLanguage\":\"fr-FR\",\"@id\":\"https:\/\/alexandre-caux.fr\/index.php\/me-contacter\/#primaryimage\",\"url\":\"https:\/\/alexandre-caux.fr\/wp-content\/uploads\/2026\/01\/IMG_4248-scaled.jpg\",\"contentUrl\":\"https:\/\/alexandre-caux.fr\/wp-content\/uploads\/2026\/01\/IMG_4248-scaled.jpg\",\"width\":1920,\"height\":2560},{\"@type\":\"BreadcrumbList\",\"@id\":\"https:\/\/alexandre-caux.fr\/index.php\/me-contacter\/#breadcrumb\",\"itemListElement\":[{\"@type\":\"ListItem\",\"position\":1,\"name\":\"Accueil\",\"item\":\"https:\/\/alexandre-caux.fr\/\"},{\"@type\":\"ListItem\",\"position\":2,\"name\":\"Me contacter\"}]},{\"@type\":\"WebSite\",\"@id\":\"https:\/\/alexandre-caux.fr\/#website\",\"url\":\"https:\/\/alexandre-caux.fr\/\",\"name\":\"Alexandre CAUX - Attach\u00e9 Juridique Ind\u00e9pendant\",\"description\":\"Je mets mon exp\u00e9rience au profit des Cabinets d&#039;Avocats.\",\"publisher\":{\"@id\":\"https:\/\/alexandre-caux.fr\/#organization\"},\"potentialAction\":[{\"@type\":\"SearchAction\",\"target\":{\"@type\":\"EntryPoint\",\"urlTemplate\":\"https:\/\/alexandre-caux.fr\/?s={search_term_string}\"},\"query-input\":{\"@type\":\"PropertyValueSpecification\",\"valueRequired\":true,\"valueName\":\"search_term_string\"}}],\"inLanguage\":\"fr-FR\"},{\"@type\":\"Organization\",\"@id\":\"https:\/\/alexandre-caux.fr\/#organization\",\"name\":\"Alexandre CAUX - Attach\u00e9 Juridique Ind\u00e9pendant\",\"url\":\"https:\/\/alexandre-caux.fr\/\",\"logo\":{\"@type\":\"ImageObject\",\"inLanguage\":\"fr-FR\",\"@id\":\"https:\/\/alexandre-caux.fr\/#\/schema\/logo\/image\/\",\"url\":\"https:\/\/alexandre-caux.fr\/wp-content\/uploads\/2026\/01\/logo_bleu-copie.png\",\"contentUrl\":\"https:\/\/alexandre-caux.fr\/wp-content\/uploads\/2026\/01\/logo_bleu-copie.png\",\"width\":1315,\"height\":1411,\"caption\":\"Alexandre CAUX - Attach\u00e9 Juridique Ind\u00e9pendant\"},\"image\":{\"@id\":\"https:\/\/alexandre-caux.fr\/#\/schema\/logo\/image\/\"}}]}<\/script>\n<!-- \/ Yoast SEO plugin. -->","yoast_head_json":{"title":"Me contacter - Alexandre CAUX - Attach\u00e9 Juridique Ind\u00e9pendant","robots":{"index":"index","follow":"follow","max-snippet":"max-snippet:-1","max-image-preview":"max-image-preview:large","max-video-preview":"max-video-preview:-1"},"canonical":"https:\/\/alexandre-caux.fr\/index.php\/me-contacter\/","og_locale":"fr_FR","og_type":"article","og_title":"Me contacter - Alexandre CAUX - Attach\u00e9 Juridique Ind\u00e9pendant","og_description":"Pour toute demande, vous pouvez me contacter : Par courriel \u00e0 l&rsquo;adresse contact@alexandre-caux.fr Par t\u00e9l\u00e9phone au 07 60 44 63 74 Sur mon profil LinkedIn","og_url":"https:\/\/alexandre-caux.fr\/index.php\/me-contacter\/","og_site_name":"Alexandre CAUX - Attach\u00e9 Juridique Ind\u00e9pendant","og_image":[{"width":1920,"height":2560,"url":"https:\/\/alexandre-caux.fr\/wp-content\/uploads\/2026\/01\/IMG_4248-scaled.jpg","type":"image\/jpeg"}],"twitter_card":"summary_large_image","twitter_misc":{"Dur\u00e9e de lecture estim\u00e9e":"1 minute"},"schema":{"@context":"https:\/\/schema.org","@graph":[{"@type":"WebPage","@id":"https:\/\/alexandre-caux.fr\/index.php\/me-contacter\/","url":"https:\/\/alexandre-caux.fr\/index.php\/me-contacter\/","name":"Me contacter - Alexandre CAUX - Attach\u00e9 Juridique Ind\u00e9pendant","isPartOf":{"@id":"https:\/\/alexandre-caux.fr\/#website"},"primaryImageOfPage":{"@id":"https:\/\/alexandre-caux.fr\/index.php\/me-contacter\/#primaryimage"},"image":{"@id":"https:\/\/alexandre-caux.fr\/index.php\/me-contacter\/#primaryimage"},"thumbnailUrl":"https:\/\/alexandre-caux.fr\/wp-content\/uploads\/2026\/01\/IMG_4248-768x1024.jpg","datePublished":"2026-01-04T09:24:20+00:00","breadcrumb":{"@id":"https:\/\/alexandre-caux.fr\/index.php\/me-contacter\/#breadcrumb"},"inLanguage":"fr-FR","potentialAction":[{"@type":"ReadAction","target":["https:\/\/alexandre-caux.fr\/index.php\/me-contacter\/"]}]},{"@type":"ImageObject","inLanguage":"fr-FR","@id":"https:\/\/alexandre-caux.fr\/index.php\/me-contacter\/#primaryimage","url":"https:\/\/alexandre-caux.fr\/wp-content\/uploads\/2026\/01\/IMG_4248-scaled.jpg","contentUrl":"https:\/\/alexandre-caux.fr\/wp-content\/uploads\/2026\/01\/IMG_4248-scaled.jpg","width":1920,"height":2560},{"@type":"BreadcrumbList","@id":"https:\/\/alexandre-caux.fr\/index.php\/me-contacter\/#breadcrumb","itemListElement":[{"@type":"ListItem","position":1,"name":"Accueil","item":"https:\/\/alexandre-caux.fr\/"},{"@type":"ListItem","position":2,"name":"Me contacter"}]},{"@type":"WebSite","@id":"https:\/\/alexandre-caux.fr\/#website","url":"https:\/\/alexandre-caux.fr\/","name":"Alexandre CAUX - Attach\u00e9 Juridique Ind\u00e9pendant","description":"Je mets mon exp\u00e9rience au profit des Cabinets d&#039;Avocats.","publisher":{"@id":"https:\/\/alexandre-caux.fr\/#organization"},"potentialAction":[{"@type":"SearchAction","target":{"@type":"EntryPoint","urlTemplate":"https:\/\/alexandre-caux.fr\/?s={search_term_string}"},"query-input":{"@type":"PropertyValueSpecification","valueRequired":true,"valueName":"search_term_string"}}],"inLanguage":"fr-FR"},{"@type":"Organization","@id":"https:\/\/alexandre-caux.fr\/#organization","name":"Alexandre CAUX - Attach\u00e9 Juridique Ind\u00e9pendant","url":"https:\/\/alexandre-caux.fr\/","logo":{"@type":"ImageObject","inLanguage":"fr-FR","@id":"https:\/\/alexandre-caux.fr\/#\/schema\/logo\/image\/","url":"https:\/\/alexandre-caux.fr\/wp-content\/uploads\/2026\/01\/logo_bleu-copie.png","contentUrl":"https:\/\/alexandre-caux.fr\/wp-content\/uploads\/2026\/01\/logo_bleu-copie.png","width":1315,"height":1411,"caption":"Alexandre CAUX - Attach\u00e9 Juridique Ind\u00e9pendant"},"image":{"@id":"https:\/\/alexandre-caux.fr\/#\/schema\/logo\/image\/"}}]}},"_links":{"self":[{"href":"https:\/\/alexandre-caux.fr\/index.php\/wp-json\/wp\/v2\/pages\/180","targetHints":{"allow":["GET"]}}],"collection":[{"href":"https:\/\/alexandre-caux.fr\/index.php\/wp-json\/wp\/v2\/pages"}],"about":[{"href":"https:\/\/alexandre-caux.fr\/index.php\/wp-json\/wp\/v2\/types\/page"}],"author":[{"embeddable":true,"href":"https:\/\/alexandre-caux.fr\/index.php\/wp-json\/wp\/v2\/users\/1"}],"replies":[{"embeddable":true,"href":"https:\/\/alexandre-caux.fr\/index.php\/wp-json\/wp\/v2\/comments?post=180"}],"version-history":[{"count":1,"href":"https:\/\/alexandre-caux.fr\/index.php\/wp-json\/wp\/v2\/pages\/180\/revisions"}],"predecessor-version":[{"id":181,"href":"https:\/\/alexandre-caux.fr\/index.php\/wp-json\/wp\/v2\/pages\/180\/revisions\/181"}],"wp:attachment":[{"href":"https:\/\/alexandre-caux.fr\/index.php\/wp-json\/wp\/v2\/media?parent=180"}],"curies":[{"name":"wp","href":"https:\/\/api.w.org\/{rel}","templated":true}]}}